{"id":1480,"date":"2014-05-20T15:05:53","date_gmt":"2014-05-20T13:05:53","guid":{"rendered":"http:\/\/www.grenzlauf.bplaced.net\/wordpress-1\/?page_id=2"},"modified":"2016-02-15T13:06:16","modified_gmt":"2016-02-15T11:06:16","slug":"veranstalter","status":"publish","type":"page","link":"https:\/\/www.grenzlauf.com\/?page_id=1480","title":{"rendered":"Veranstalter"},"content":{"rendered":"<p><strong>Der badisch &#8211; schw\u00e4bische GRENZLAUF\u00a0<\/strong><br \/>\n<strong>der ultimative Wettkampf zwischen Badnern und Schwaben<\/strong><\/p>\n<p>Die beim sonnt\u00e4glichen Lauf entstandene Idee, einen Wettkampf zwischen Badnern und Schwaben zu veranstalten, begeisterte sowohl die Organisatoren des TV Forbach als auch die des SSV Sch\u00f6nm\u00fcnzach.<\/p>\n<p>Baden oder Schwaben? Rastatt oder Freudenstadt?<br \/>\nWohin orientiere ich mich, wer ist f\u00fcr mich zust\u00e4ndig?<\/p>\n<p>Eine Grenze, die \u00fcber Jahrhunderte das Leben, Arbeiten und Denken der hier wohnenden Menschen beherrschte, ist auch heute noch in den K\u00f6pfen der Menschen tief verankert.<br \/>\nDoch wer ist nun wirklich Herr \u00fcber dieses wundersch\u00f6ne Tal zwischen Sch\u00f6nm\u00fcnzach und Forbach?<\/p>\n<p>Beim Grenzlauf soll endlich Klarheit geschaffen werden.<br \/>\nWir stellen uns der Herrausforderung, wir gehen an unsere Grenze!<br \/>\nBaden oder Schwaben, wer hisst am Ziel seine Flagge?<\/p>\n<p>Wir sind gespannt!<\/p>\n<p>Weitere Informationen \u00fcber die veranstaltenden Vereine unter<\/p>\n<p><a href=\"http:\/\/www.ssv-sch\u00f6nm\u00fcnzach.de\">www.ssv-sch\u00f6nm\u00fcnzach.de<\/a><\/p>\n<p><a href=\"http:\/\/www.tvforbach.de\">www.tvforbach.de<\/a><\/p>\n","protected":false},"excerpt":{"rendered":"<p>Der badisch &#8211; schw\u00e4bische GRENZLAUF\u00a0 der ultimative Wettkampf zwischen Badnern und Schwaben Die beim sonnt\u00e4glichen Lauf entstandene Idee, einen Wettkampf zwischen Badnern und Schwaben zu veranstalten, begeisterte sowohl die Organisatoren des TV Forbach als auch die des SSV Sch\u00f6nm\u00fcnzach. Baden oder Schwaben? Rastatt oder Freudenstadt? Wohin orientiere ich mich, wer ist f\u00fcr mich zust\u00e4ndig? Eine [&hellip;]<\/p>\n","protected":false},"author":1,"featured_media":0,"parent":0,"menu_order":2,"comment_status":"closed","ping_status":"closed","template":"page-full-width.php","meta":{"ngg_post_thumbnail":0,"footnotes":""},"_links":{"self":[{"href":"https:\/\/www.grenzlauf.com\/index.php?rest_route=\/wp\/v2\/pages\/1480"}],"collection":[{"href":"https:\/\/www.grenzlauf.com\/index.php?rest_route=\/wp\/v2\/pages"}],"about":[{"href":"https:\/\/www.grenzlauf.com\/index.php?rest_route=\/wp\/v2\/types\/page"}],"author":[{"embeddable":true,"href":"https:\/\/www.grenzlauf.com\/index.php?rest_route=\/wp\/v2\/users\/1"}],"replies":[{"embeddable":true,"href":"https:\/\/www.grenzlauf.com\/index.php?rest_route=%2Fwp%2Fv2%2Fcomments&post=1480"}],"version-history":[{"count":3,"href":"https:\/\/www.grenzlauf.com\/index.php?rest_route=\/wp\/v2\/pages\/1480\/revisions"}],"predecessor-version":[{"id":2528,"href":"https:\/\/www.grenzlauf.com\/index.php?rest_route=\/wp\/v2\/pages\/1480\/revisions\/2528"}],"wp:attachment":[{"href":"https:\/\/www.grenzlauf.com\/index.php?rest_route=%2Fwp%2Fv2%2Fmedia&parent=1480"}],"curies":[{"name":"wp","href":"https:\/\/api.w.org\/{rel}","templated":true}]}}