{"id":216,"date":"2014-07-23T10:13:15","date_gmt":"2014-07-23T08:13:15","guid":{"rendered":"http:\/\/www.grenzlauf.bplaced.net\/?page_id=216"},"modified":"2014-07-23T10:13:15","modified_gmt":"2014-07-23T08:13:15","slug":"sponsoren","status":"publish","type":"page","link":"https:\/\/www.grenzlauf.com\/?page_id=216","title":{"rendered":"Sponsoren"},"content":{"rendered":"<p><strong>Ganz herzlich m\u00f6chten wir uns bei unseren Sponsoren bedanken, ohne deren Unterst\u00fctzung die Durchf\u00fchrung unserer Veranstaltung nicht m\u00f6glich w\u00e4re!<\/strong><\/p>\n<p><a href=\"http:\/\/www.hatz-moninger.de\/\"><img loading=\"lazy\" decoding=\"async\" class=\"aligncenter size-medium wp-image-259\" src=\"http:\/\/www.grenzlauf.com\/wp-content\/uploads\/2014\/07\/images2-300x164.jpeg\" alt=\"images\" width=\"300\" height=\"164\" srcset=\"https:\/\/www.grenzlauf.com\/wp-content\/uploads\/2014\/07\/images2-300x164.jpeg 300w, https:\/\/www.grenzlauf.com\/wp-content\/uploads\/2014\/07\/images2.jpeg 303w\" sizes=\"(max-width: 300px) 100vw, 300px\" \/><\/a><\/p>\n<p><a href=\"http:\/\/www.hatz-moninger.de\/\"><img loading=\"lazy\" decoding=\"async\" class=\"aligncenter size-medium wp-image-264\" src=\"http:\/\/www.grenzlauf.com\/wp-content\/uploads\/2014\/07\/Bleifrei_Band_A_721-300x90.jpg\" alt=\"Bleifrei_Band_A_72\" width=\"300\" height=\"90\" srcset=\"https:\/\/www.grenzlauf.com\/wp-content\/uploads\/2014\/07\/Bleifrei_Band_A_721-300x90.jpg 300w, https:\/\/www.grenzlauf.com\/wp-content\/uploads\/2014\/07\/Bleifrei_Band_A_721.jpg 670w\" sizes=\"(max-width: 300px) 100vw, 300px\" \/><\/a><\/p>\n<p><a href=\"http:\/\/www.hotel-sackmann.de\/\"><img loading=\"lazy\" decoding=\"async\" class=\"aligncenter size-medium wp-image-222\" src=\"http:\/\/www.grenzlauf.com\/wp-content\/uploads\/2014\/07\/JPG_LogoFamSackmann_18t2-300x130.jpg\" alt=\"JPG_LogoFamSackmann_18t\" width=\"300\" height=\"130\" srcset=\"https:\/\/www.grenzlauf.com\/wp-content\/uploads\/2014\/07\/JPG_LogoFamSackmann_18t2-300x130.jpg 300w, https:\/\/www.grenzlauf.com\/wp-content\/uploads\/2014\/07\/JPG_LogoFamSackmann_18t2.jpg 510w\" sizes=\"(max-width: 300px) 100vw, 300px\" \/><\/a><\/p>\n<p><a href=\"http:\/\/www.irth.de\/\"><img loading=\"lazy\" decoding=\"async\" class=\"aligncenter size-medium wp-image-224\" src=\"http:\/\/www.grenzlauf.com\/wp-content\/uploads\/2014\/07\/Irth_Logo_181-300x192.jpg\" alt=\"Irth_Logo_18\" width=\"300\" height=\"192\" srcset=\"https:\/\/www.grenzlauf.com\/wp-content\/uploads\/2014\/07\/Irth_Logo_181-300x192.jpg 300w, https:\/\/www.grenzlauf.com\/wp-content\/uploads\/2014\/07\/Irth_Logo_181.jpg 510w\" sizes=\"(max-width: 300px) 100vw, 300px\" \/><\/a><\/p>\n<p><a href=\"http:\/\/www.morlock-fotografie.de\"><img loading=\"lazy\" decoding=\"async\" class=\"aligncenter size-medium wp-image-227\" src=\"http:\/\/www.grenzlauf.com\/wp-content\/uploads\/2014\/07\/Logo_Morlock_2c_13cm1-300x115.jpg\" alt=\"Logo_Morlock_2c_13cm\" width=\"300\" height=\"115\" srcset=\"https:\/\/www.grenzlauf.com\/wp-content\/uploads\/2014\/07\/Logo_Morlock_2c_13cm1-300x115.jpg 300w, https:\/\/www.grenzlauf.com\/wp-content\/uploads\/2014\/07\/Logo_Morlock_2c_13cm1.jpg 510w\" sizes=\"(max-width: 300px) 100vw, 300px\" \/><\/a><\/p>\n<p><a href=\"http:\/\/www.forsthaus-auerhahn.de\"><img loading=\"lazy\" decoding=\"async\" class=\"aligncenter size-medium wp-image-268\" src=\"http:\/\/www.grenzlauf.com\/wp-content\/uploads\/2014\/07\/Forsthaus_Auerhahn_15_neu1-300x211.jpg\" alt=\"Forsthaus_Auerhahn_15_neu\" width=\"300\" height=\"211\" srcset=\"https:\/\/www.grenzlauf.com\/wp-content\/uploads\/2014\/07\/Forsthaus_Auerhahn_15_neu1-300x211.jpg 300w, https:\/\/www.grenzlauf.com\/wp-content\/uploads\/2014\/07\/Forsthaus_Auerhahn_15_neu1.jpg 425w\" sizes=\"(max-width: 300px) 100vw, 300px\" \/><\/a><\/p>\n<p><a href=\"http:\/\/www.tonart-pro.de\/\"><img loading=\"lazy\" decoding=\"async\" class=\"aligncenter wp-image-230 size-thumbnail\" src=\"http:\/\/www.grenzlauf.com\/wp-content\/uploads\/2014\/07\/Tonart_721-150x150.jpg\" alt=\"Tonart_72\" width=\"150\" height=\"150\" \/><\/a><\/p>\n<p><a href=\"http:\/\/www.telepower.de\/\"><img loading=\"lazy\" decoding=\"async\" class=\"aligncenter size-full wp-image-234\" src=\"http:\/\/www.grenzlauf.com\/wp-content\/uploads\/2014\/07\/telepower1.jpg\" alt=\"telepower\" width=\"258\" height=\"74\" \/><\/a><\/p>\n<p><a href=\"http:\/\/www.malen-mit-musenkuss.de\"><img loading=\"lazy\" decoding=\"async\" class=\"aligncenter size-medium wp-image-270\" src=\"http:\/\/www.grenzlauf.com\/wp-content\/uploads\/2014\/07\/Logo_GK1-300x160.jpg\" alt=\"Logo_GK\" width=\"300\" height=\"160\" srcset=\"https:\/\/www.grenzlauf.com\/wp-content\/uploads\/2014\/07\/Logo_GK1-300x160.jpg 300w, https:\/\/www.grenzlauf.com\/wp-content\/uploads\/2014\/07\/Logo_GK1.jpg 397w\" sizes=\"(max-width: 300px) 100vw, 300px\" \/><\/a><\/p>\n<p><a href=\"http:\/\/www.loewen-schwarzenberg.de\"><img loading=\"lazy\" decoding=\"async\" class=\"aligncenter size-medium wp-image-277\" src=\"http:\/\/www.grenzlauf.com\/wp-content\/uploads\/2014\/07\/Logo_M\u00fcllers_L\u00f6wen_72-300x212.jpg\" alt=\"Logo_M\u00fcllers_L\u00f6wen_72\" width=\"300\" height=\"212\" srcset=\"https:\/\/www.grenzlauf.com\/wp-content\/uploads\/2014\/07\/Logo_M\u00fcllers_L\u00f6wen_72-300x212.jpg 300w, https:\/\/www.grenzlauf.com\/wp-content\/uploads\/2014\/07\/Logo_M\u00fcllers_L\u00f6wen_72.jpg 425w\" sizes=\"(max-width: 300px) 100vw, 300px\" \/><\/a><\/p>\n<p><a href=\"http:\/\/www.vsg-natursteine.de\/\"><img loading=\"lazy\" decoding=\"async\" class=\"aligncenter size-full wp-image-281\" src=\"http:\/\/www.grenzlauf.com\/wp-content\/uploads\/2014\/07\/images11.jpeg\" alt=\"images\" width=\"123\" height=\"52\" \/><\/a><\/p>\n<p><a href=\"https:\/\/www.volksbank-baden-baden-rastatt.de\/\"><img loading=\"lazy\" decoding=\"async\" class=\"aligncenter size-medium wp-image-279\" src=\"http:\/\/www.grenzlauf.com\/wp-content\/uploads\/2014\/07\/voba_small1-300x52.jpg\" alt=\"voba_small\" width=\"300\" height=\"52\" srcset=\"https:\/\/www.grenzlauf.com\/wp-content\/uploads\/2014\/07\/voba_small1-300x52.jpg 300w, https:\/\/www.grenzlauf.com\/wp-content\/uploads\/2014\/07\/voba_small1.jpg 580w\" sizes=\"(max-width: 300px) 100vw, 300px\" \/><\/a><\/p>\n<p><a href=\"http:\/\/www.grenzlauf.com\/wp-content\/uploads\/2014\/07\/Adler_Web1.jpg\"><img loading=\"lazy\" decoding=\"async\" src=\"http:\/\/www.grenzlauf.com\/wp-content\/uploads\/2014\/07\/Adler_Web1-300x142.jpg\" alt=\"Adler_Web\" width=\"300\" height=\"142\" class=\"aligncenter size-medium wp-image-284\" srcset=\"https:\/\/www.grenzlauf.com\/wp-content\/uploads\/2014\/07\/Adler_Web1-300x142.jpg 300w, https:\/\/www.grenzlauf.com\/wp-content\/uploads\/2014\/07\/Adler_Web1-1024x486.jpg 1024w, https:\/\/www.grenzlauf.com\/wp-content\/uploads\/2014\/07\/Adler_Web1.jpg 1080w\" sizes=\"(max-width: 300px) 100vw, 300px\" \/><\/a><\/p>\n<p><a href=\"http:\/\/www.spk-rastatt-gernsbach.de\/\"><img loading=\"lazy\" decoding=\"async\" src=\"http:\/\/www.grenzlauf.com\/wp-content\/uploads\/2014\/07\/Sparkassenlogo-rot_web1-300x79.jpg\" alt=\"Sparkassenlogo- rot_web\" width=\"300\" height=\"79\" class=\"aligncenter size-medium wp-image-286\" srcset=\"https:\/\/www.grenzlauf.com\/wp-content\/uploads\/2014\/07\/Sparkassenlogo-rot_web1-300x79.jpg 300w, https:\/\/www.grenzlauf.com\/wp-content\/uploads\/2014\/07\/Sparkassenlogo-rot_web1.jpg 425w\" sizes=\"(max-width: 300px) 100vw, 300px\" \/><\/a><\/p>\n","protected":false},"excerpt":{"rendered":"<p>Ganz herzlich m\u00f6chten wir uns bei unseren Sponsoren bedanken, ohne deren Unterst\u00fctzung die Durchf\u00fchrung unserer Veranstaltung nicht m\u00f6glich w\u00e4re!<\/p>\n","protected":false},"author":1,"featured_media":0,"parent":155,"menu_order":0,"comment_status":"closed","ping_status":"closed","template":"page-full-width.php","meta":{"ngg_post_thumbnail":0,"footnotes":""},"_links":{"self":[{"href":"https:\/\/www.grenzlauf.com\/index.php?rest_route=\/wp\/v2\/pages\/216"}],"collection":[{"href":"https:\/\/www.grenzlauf.com\/index.php?rest_route=\/wp\/v2\/pages"}],"about":[{"href":"https:\/\/www.grenzlauf.com\/index.php?rest_route=\/wp\/v2\/types\/page"}],"author":[{"embeddable":true,"href":"https:\/\/www.grenzlauf.com\/index.php?rest_route=\/wp\/v2\/users\/1"}],"replies":[{"embeddable":true,"href":"https:\/\/www.grenzlauf.com\/index.php?rest_route=%2Fwp%2Fv2%2Fcomments&post=216"}],"version-history":[{"count":0,"href":"https:\/\/www.grenzlauf.com\/index.php?rest_route=\/wp\/v2\/pages\/216\/revisions"}],"up":[{"embeddable":true,"href":"https:\/\/www.grenzlauf.com\/index.php?rest_route=\/wp\/v2\/pages\/155"}],"wp:attachment":[{"href":"https:\/\/www.grenzlauf.com\/index.php?rest_route=%2Fwp%2Fv2%2Fmedia&parent=216"}],"curies":[{"name":"wp","href":"https:\/\/api.w.org\/{rel}","templated":true}]}}