{"id":71,"date":"2014-05-26T18:38:16","date_gmt":"2014-05-26T16:38:16","guid":{"rendered":"http:\/\/www.grenzlauf.bplaced.net\/wordpress-1\/?page_id=71"},"modified":"2024-06-25T09:51:29","modified_gmt":"2024-06-25T07:51:29","slug":"startseite","status":"publish","type":"page","link":"https:\/\/www.grenzlauf.com\/","title":{"rendered":""},"content":{"rendered":"\n\n\n<div class=\"ngg-galleryoverview ngg-slideshow\"\n\t id=\"ngg-slideshow-2382ea586ca22eb24b4cd25897253579-8609461950\"\n     data-gallery-id=\"2382ea586ca22eb24b4cd25897253579\"\n     style=\"max-width: 1000px; max-height: 666px;\">\n\n \t<div id=\"ngg-image-0\" class=\"ngg-gallery-slideshow-image\" style=\"height:666px\">\n\n        <a href=\"https:\/\/www.grenzlauf.com\/wp-content\/gallery\/header_slider\/Logo_Header1.jpg\"\n           title=\"\"\n           data-src=\"https:\/\/www.grenzlauf.com\/wp-content\/gallery\/header_slider\/Logo_Header1.jpg\"\n           data-thumbnail=\"https:\/\/www.grenzlauf.com\/wp-content\/gallery\/header_slider\/thumbs\/thumbs_Logo_Header1.jpg\"\n           data-image-id=\"902\"\n           data-title=\"Logo_Header1\"\n           data-description=\"\"\n           class=\"ngg-fancybox\" rel=\"2382ea586ca22eb24b4cd25897253579\">\n\n            <img data-image-id='902'\n                 title=\"\"\n                 alt=\"Logo_Header1\"\n                 src=\"https:\/\/www.grenzlauf.com\/wp-content\/gallery\/header_slider\/Logo_Header1.jpg\"\n                 style=\"max-height: 646px;\"\/>\n        <\/a>\n\n        <\/div> \n<div id=\"ngg-image-1\" class=\"ngg-gallery-slideshow-image\" style=\"height:666px\">\n\n        <a href=\"https:\/\/www.grenzlauf.com\/wp-content\/gallery\/header_slider\/murg_1.jpg\"\n           title=\"\"\n           data-src=\"https:\/\/www.grenzlauf.com\/wp-content\/gallery\/header_slider\/murg_1.jpg\"\n           data-thumbnail=\"https:\/\/www.grenzlauf.com\/wp-content\/gallery\/header_slider\/thumbs\/thumbs_murg_1.jpg\"\n           data-image-id=\"903\"\n           data-title=\"murg_1\"\n           data-description=\"\"\n           class=\"ngg-fancybox\" rel=\"2382ea586ca22eb24b4cd25897253579\">\n\n            <img data-image-id='903'\n                 title=\"\"\n                 alt=\"murg_1\"\n                 src=\"https:\/\/www.grenzlauf.com\/wp-content\/gallery\/header_slider\/murg_1.jpg\"\n                 style=\"max-height: 646px;\"\/>\n        <\/a>\n\n        <\/div> \n<div id=\"ngg-image-2\" class=\"ngg-gallery-slideshow-image\" style=\"height:666px\">\n\n        <a href=\"https:\/\/www.grenzlauf.com\/wp-content\/gallery\/header_slider\/Heppenau_1.jpg\"\n           title=\"\"\n           data-src=\"https:\/\/www.grenzlauf.com\/wp-content\/gallery\/header_slider\/Heppenau_1.jpg\"\n           data-thumbnail=\"https:\/\/www.grenzlauf.com\/wp-content\/gallery\/header_slider\/thumbs\/thumbs_Heppenau_1.jpg\"\n           data-image-id=\"904\"\n           data-title=\"Heppenau_1\"\n           data-description=\"\"\n           class=\"ngg-fancybox\" rel=\"2382ea586ca22eb24b4cd25897253579\">\n\n            <img data-image-id='904'\n                 title=\"\"\n                 alt=\"Heppenau_1\"\n                 src=\"https:\/\/www.grenzlauf.com\/wp-content\/gallery\/header_slider\/Heppenau_1.jpg\"\n                 style=\"max-height: 646px;\"\/>\n        <\/a>\n\n        <\/div> \n<div id=\"ngg-image-3\" class=\"ngg-gallery-slideshow-image\" style=\"height:666px\">\n\n        <a href=\"https:\/\/www.grenzlauf.com\/wp-content\/gallery\/header_slider\/TV_Grenzlauf_header1.jpg\"\n           title=\"\"\n           data-src=\"https:\/\/www.grenzlauf.com\/wp-content\/gallery\/header_slider\/TV_Grenzlauf_header1.jpg\"\n           data-thumbnail=\"https:\/\/www.grenzlauf.com\/wp-content\/gallery\/header_slider\/thumbs\/thumbs_TV_Grenzlauf_header1.jpg\"\n           data-image-id=\"905\"\n           data-title=\"TV_Grenzlauf_header1\"\n           data-description=\"\"\n           class=\"ngg-fancybox\" rel=\"2382ea586ca22eb24b4cd25897253579\">\n\n            <img data-image-id='905'\n                 title=\"\"\n                 alt=\"TV_Grenzlauf_header1\"\n                 src=\"https:\/\/www.grenzlauf.com\/wp-content\/gallery\/header_slider\/TV_Grenzlauf_header1.jpg\"\n                 style=\"max-height: 646px;\"\/>\n        <\/a>\n\n        <\/div> \n<div id=\"ngg-image-4\" class=\"ngg-gallery-slideshow-image\" style=\"height:666px\">\n\n        <a href=\"https:\/\/www.grenzlauf.com\/wp-content\/gallery\/header_slider\/murg_2.jpg\"\n           title=\"\"\n           data-src=\"https:\/\/www.grenzlauf.com\/wp-content\/gallery\/header_slider\/murg_2.jpg\"\n           data-thumbnail=\"https:\/\/www.grenzlauf.com\/wp-content\/gallery\/header_slider\/thumbs\/thumbs_murg_2.jpg\"\n           data-image-id=\"901\"\n           data-title=\"murg_2\"\n           data-description=\"\"\n           class=\"ngg-fancybox\" rel=\"2382ea586ca22eb24b4cd25897253579\">\n\n            <img data-image-id='901'\n                 title=\"\"\n                 alt=\"murg_2\"\n                 src=\"https:\/\/www.grenzlauf.com\/wp-content\/gallery\/header_slider\/murg_2.jpg\"\n                 style=\"max-height: 646px;\"\/>\n        <\/a>\n\n        <\/div> \n<\/div>\n\n\n\n\n\n\n\n<p><strong>2. badisch &#8211; schw\u00e4bischer Grenzlauf<\/strong><\/p>\n\n\n\n<p>Der Wettergott hatte ein Einsehen, bei strahlendem Sonnenschein konnten die 57 Walking und Running Teams auf die 11,5 km lange Strecke von Forbach nach Sch\u00f6nm\u00fcnzach gehen.<\/p>\n\n\n\n<p>Auch die Sch\u00fclermannschaften der badisch &#8211; schw\u00e4bischen Grundschulen hatten im Kurpark Sch\u00f6nm\u00fcnzach ihren Spa\u00df.<\/p>\n\n\n\n<p>Ganz herzlich m\u00f6chten wir uns bei allen schw\u00e4bisch und badischen Teilnehmern bedanken und auch bei den Sch\u00fclern, Lehrern und Eltern der teilnehmenden Grundschulen.<\/p>\n\n\n\n<p>Da eine solche Veranstaltung ohne Unterst\u00fctzung vieler ehrenamtlicher Helfer nicht organisierbar w\u00e4re, wollen wir uns hier noch einmal ganz herzlich bei den vielen <strong>badisch und schw\u00e4bischen Helfern, Streckenposten und Kuchenspendern<\/strong> bedanken.<\/p>\n\n\n\n<p>Herzlichen Dank auch<\/p>\n\n\n\n<p>&#8211; <strong>Frau Buhrke und ihrem Gemeinde \/ Bauhof Team<\/strong> f\u00fcr die unb\u00fcrokratische Unterst\u00fctzung.<\/p>\n\n\n\n<p>&#8211; <strong>Frau Dr. Lerch-Kazakis<\/strong> f\u00fcr ihren Einsatz und \u00e4rztliche Begleitung der Veranstaltung<\/p>\n\n\n\n<p>&#8211; der <strong>Rot Kreuz Ortsgruppe Forbach<\/strong> f\u00fcr die Begleitung der L\u00e4ufer und ihren Einsatz vor Ort<\/p>\n\n\n\n<p>&#8211; der <strong>Freiwilligen Feuerwehr Forbach<\/strong>, die wieder einmal mit ihrem Wasser Einsatz f\u00fcr Abk\u00fchlung sorgte &#8211; kam sehr gut an<\/p>\n\n\n\n<p>&#8211; den Vorst\u00e4nden des Heimatvereins H\u00f6rden, die mit ihrer Ausstellung unser Fl\u00f6\u00dfer Thema aufgriffen und viel Interessantes zu erz\u00e4hlen hatten.<br>Wer Interesse hat kann das Museum in H\u00f6rden besuchen, auch werden dort auf Wunsch Veranstaltungen angeboten<br><a href=\"http:\/\/www.verein-fuer-heimatgeschichte-gaggenau-hoerden.de\">www.verein-fuer-heimatgeschichte-gaggenau-hoerden.de<\/a><br>&#8211; bei <strong>Nicole Z\u00fcrn GS Sch\u00f6nm\u00fcnzach<\/strong> f\u00fcr die Unterst\u00fctzung bei der Vorbereitung des Sch\u00fcllerlaufes<\/p>\n\n\n\n<p>Die ersten Fotos sind online <a title=\"Galerie\" href=\"http:\/\/www.grenzlauf.com\/?page_id=155\">Galerie<\/a> weitere Fotos auch vom Sch\u00fclerlauf folgen in K\u00fcrze \ud83d\ude09<\/p>\n\n\n\n<p>Hier die Ergebnislisten des Grenzlaufs 2016<\/p>\n\n\n\n<p><a href=\"http:\/\/www.grenzlauf.com\/wp-content\/uploads\/2014\/05\/Grenzlauf-2016-Ergebnis-Damen.pdf\">Grenzlauf 2016 &#8211; Ergebnis Damen<\/a><\/p>\n\n\n\n<p><a href=\"http:\/\/www.grenzlauf.com\/wp-content\/uploads\/2014\/05\/Grenzlauf-2016-Ergebnis-Ma\u0308nner1.pdf\">Grenzlauf-2016-Ergebnis-Ma\u0308nner<\/a><\/p>\n\n\n\n<p><a href=\"http:\/\/www.grenzlauf.com\/wp-content\/uploads\/2014\/05\/Grenzlauf-2016-Ergebnis-Mixed.pdf\">Grenzlauf 2016 &#8211; Ergebnis Mixed<\/a><\/p>\n\n\n\n<p><a href=\"http:\/\/www.grenzlauf.com\/wp-content\/uploads\/2014\/05\/Grenzlauf-2016-Ergebnis-Walker.pdf\">Grenzlauf 2016 &#8211; Ergebnis Walker<\/a><\/p>\n\n\n\n<p><iframe loading=\"lazy\" src=\"https:\/\/www.youtube.com\/embed\/2zB0ziK2qyM?rel=0\" allowfullscreen=\"allowfullscreen\" width=\"640\" height=\"480\" frameborder=\"0\"><\/iframe><\/p>\n\n\n\n<p><strong>&nbsp;Grenzlauf 2014<\/strong><\/p>\n\n\n<div class=\"wp-block-image\">\n<figure class=\"aligncenter\"><a href=\"http:\/\/www.grenzlauf.com\/wp-content\/uploads\/2014\/05\/MFL90551.jpg\"><img loading=\"lazy\" decoding=\"async\" width=\"1024\" height=\"682\" src=\"http:\/\/www.grenzlauf.com\/wp-content\/uploads\/2014\/05\/MFL90551-1024x682.jpg\" alt=\"_MFL9055\" class=\"wp-image-306\" srcset=\"https:\/\/www.grenzlauf.com\/wp-content\/uploads\/2014\/05\/MFL90551-1024x682.jpg 1024w, https:\/\/www.grenzlauf.com\/wp-content\/uploads\/2014\/05\/MFL90551-300x199.jpg 300w, https:\/\/www.grenzlauf.com\/wp-content\/uploads\/2014\/05\/MFL90551.jpg 1772w\" sizes=\"(max-width: 1024px) 100vw, 1024px\" \/><\/a><\/figure><\/div>\n\n\n<p><a href=\"http:\/\/www.grenzlauf.com\/wp-content\/uploads\/2014\/05\/Ergebnislisten_Grenzlauf20141.pdf\">Ergebnislisten_Grenzlauf2014<\/a><\/p>\n","protected":false},"excerpt":{"rendered":"<p>2. badisch &#8211; schw\u00e4bischer Grenzlauf Der Wettergott hatte ein Einsehen, bei strahlendem Sonnenschein konnten die 57 Walking und Running Teams auf die 11,5 km lange Strecke von Forbach nach Sch\u00f6nm\u00fcnzach gehen. Auch die Sch\u00fclermannschaften der badisch &#8211; schw\u00e4bischen Grundschulen hatten im Kurpark Sch\u00f6nm\u00fcnzach ihren Spa\u00df. Ganz herzlich m\u00f6chten wir uns bei allen schw\u00e4bisch und badischen [&hellip;]<\/p>\n","protected":false},"author":1,"featured_media":1498,"parent":0,"menu_order":0,"comment_status":"closed","ping_status":"closed","template":"templates\/page-full-width.php","meta":{"ngg_post_thumbnail":0,"footnotes":""},"_links":{"self":[{"href":"https:\/\/www.grenzlauf.com\/index.php?rest_route=\/wp\/v2\/pages\/71"}],"collection":[{"href":"https:\/\/www.grenzlauf.com\/index.php?rest_route=\/wp\/v2\/pages"}],"about":[{"href":"https:\/\/www.grenzlauf.com\/index.php?rest_route=\/wp\/v2\/types\/page"}],"author":[{"embeddable":true,"href":"https:\/\/www.grenzlauf.com\/index.php?rest_route=\/wp\/v2\/users\/1"}],"replies":[{"embeddable":true,"href":"https:\/\/www.grenzlauf.com\/index.php?rest_route=%2Fwp%2Fv2%2Fcomments&post=71"}],"version-history":[{"count":54,"href":"https:\/\/www.grenzlauf.com\/index.php?rest_route=\/wp\/v2\/pages\/71\/revisions"}],"predecessor-version":[{"id":3590,"href":"https:\/\/www.grenzlauf.com\/index.php?rest_route=\/wp\/v2\/pages\/71\/revisions\/3590"}],"wp:featuredmedia":[{"embeddable":true,"href":"https:\/\/www.grenzlauf.com\/index.php?rest_route=\/wp\/v2\/media\/1498"}],"wp:attachment":[{"href":"https:\/\/www.grenzlauf.com\/index.php?rest_route=%2Fwp%2Fv2%2Fmedia&parent=71"}],"curies":[{"name":"wp","href":"https:\/\/api.w.org\/{rel}","templated":true}]}}